{"id":811,"date":"2024-11-08T14:08:41","date_gmt":"2024-11-08T13:08:41","guid":{"rendered":"https:\/\/rebschule-kuntz.de\/imprint\/"},"modified":"2024-12-04T07:55:28","modified_gmt":"2024-12-04T06:55:28","slug":"legal-notice","status":"publish","type":"page","link":"https:\/\/rebschule-kuntz.de\/en\/legal-notice\/","title":{"rendered":"Legal notice"},"content":{"rendered":"\t\t<div data-elementor-type=\"wp-page\" data-elementor-id=\"811\" class=\"elementor elementor-811 elementor-17\" data-elementor-post-type=\"page\">\n\t\t\t\t<div class=\"elementor-element elementor-element-c5b1cbe e-flex e-con-boxed e-con e-parent\" data-id=\"c5b1cbe\" data-element_type=\"container\" data-e-type=\"container\" data-settings=\"{&quot;background_background&quot;:&quot;classic&quot;}\">\n\t\t\t\t\t<div class=\"e-con-inner\">\n\t\t<div class=\"elementor-element elementor-element-2056361 e-flex e-con-boxed e-con e-child\" data-id=\"2056361\" data-element_type=\"container\" data-e-type=\"container\">\n\t\t\t\t\t<div class=\"e-con-inner\">\n\t\t<div class=\"elementor-element elementor-element-cb0cc19 e-flex e-con-boxed e-con e-child\" data-id=\"cb0cc19\" data-element_type=\"container\" data-e-type=\"container\">\n\t\t\t\t\t<div class=\"e-con-inner\">\n\t\t\t\t<div class=\"elementor-element elementor-element-cd4457a h4 elementor-widget elementor-widget-heading\" data-id=\"cd4457a\" data-element_type=\"widget\" data-e-type=\"widget\" data-widget_type=\"heading.default\">\n\t\t\t\t\t<h2 class=\"elementor-heading-title elementor-size-default\">Rebenveredlung Kurt Kuntz GdbR<\/h2>\t\t\t\t<\/div>\n\t\t\t\t<div class=\"elementor-element elementor-element-8526110 elementor-widget elementor-widget-text-editor\" data-id=\"8526110\" data-element_type=\"widget\" data-e-type=\"widget\" data-widget_type=\"text-editor.default\">\n\t\t\t\t\t\t\t\t\t<p>Frau Petra G\u00f6tz<br \/>Br\u00fchlstra\u00dfe 31, 76829 Landau-M\u00f6rzheim<br \/>Phone: 06341\/32037, Fax: 06341\/33803<br \/>Email: <a href=\"mailto:info@rebschule-kuntz.de\">info@rebschule-kuntz.de<\/a><br \/>Internet: <a href=\"https:\/\/rebschule-kuntz.de\/en\/\" data-wplink-url-error=\"true\">www.rebschule-kuntz.de<\/a><\/p>\n<p>Register court: Landau in der Pfalz<br \/>Tax no.: 24\/236\/0427\/1<\/p>\n\t\t\t\t\t\t\t\t<\/div>\n\t\t\t\t<div class=\"elementor-element elementor-element-928257b elementor-widget elementor-widget-text-editor\" data-id=\"928257b\" data-element_type=\"widget\" data-e-type=\"widget\" data-widget_type=\"text-editor.default\">\n\t\t\t\t\t\t\t\t\t<p><strong>Design, programming and realization<br \/><\/strong>modus: medien + kommunikation gmbh<br \/><a href=\"https:\/\/www.modus-media.de\/\" target=\"_blank\" rel=\"noopener nofollow\">www.modus-media.de<\/a><\/p>\n\t\t\t\t\t\t\t\t<\/div>\n\t\t\t\t\t<\/div>\n\t\t\t\t<\/div>\n\t\t\t\t<div class=\"elementor-element elementor-element-5647d3a elementor-widget-divider--view-line elementor-widget elementor-widget-divider\" data-id=\"5647d3a\" data-element_type=\"widget\" data-e-type=\"widget\" data-widget_type=\"divider.default\">\n\t\t\t\t\t\t\t<div class=\"elementor-divider\">\n\t\t\t<span class=\"elementor-divider-separator\">\n\t\t\t\t\t\t<\/span>\n\t\t<\/div>\n\t\t\t\t\t\t<\/div>\n\t\t<div class=\"elementor-element elementor-element-af1af2e e-flex e-con-boxed e-con e-child\" data-id=\"af1af2e\" data-element_type=\"container\" data-e-type=\"container\">\n\t\t\t\t\t<div class=\"e-con-inner\">\n\t\t\t\t<div class=\"elementor-element elementor-element-3329b15 h4 elementor-widget elementor-widget-heading\" data-id=\"3329b15\" data-element_type=\"widget\" data-e-type=\"widget\" data-widget_type=\"heading.default\">\n\t\t\t\t\t<h3 class=\"elementor-heading-title elementor-size-default\">Dispute resolution<\/h3>\t\t\t\t<\/div>\n\t\t\t\t<div class=\"elementor-element elementor-element-05dfcb1 elementor-widget elementor-widget-text-editor\" data-id=\"05dfcb1\" data-element_type=\"widget\" data-e-type=\"widget\" data-widget_type=\"text-editor.default\">\n\t\t\t\t\t\t\t\t\t<p>The European Commission provides a platform for online dispute resolution (OS): <a href=\"https:\/\/ec.europa.eu\/consumers\/odr\" target=\"_blank\" rel=\"noopener nofollow\">https:\/\/ec.europa.eu\/consumers\/odr<\/a><\/p>\n<p>You can find our e-mail address in the legal notice above.<\/p>\n<p>We are not willing or obliged to participate in dispute resolution proceedings before a consumer arbitration board.<\/p>\n\t\t\t\t\t\t\t\t<\/div>\n\t\t\t\t\t<\/div>\n\t\t\t\t<\/div>\n\t\t\t\t<div class=\"elementor-element elementor-element-80d7c97 elementor-widget-divider--view-line elementor-widget elementor-widget-divider\" data-id=\"80d7c97\" data-element_type=\"widget\" data-e-type=\"widget\" data-widget_type=\"divider.default\">\n\t\t\t\t\t\t\t<div class=\"elementor-divider\">\n\t\t\t<span class=\"elementor-divider-separator\">\n\t\t\t\t\t\t<\/span>\n\t\t<\/div>\n\t\t\t\t\t\t<\/div>\n\t\t<div class=\"elementor-element elementor-element-6d2793d e-con-full e-flex e-con e-child\" data-id=\"6d2793d\" data-element_type=\"container\" data-e-type=\"container\">\n\t\t\t\t<div class=\"elementor-element elementor-element-dcbaa32 h4 elementor-widget elementor-widget-heading\" data-id=\"dcbaa32\" data-element_type=\"widget\" data-e-type=\"widget\" data-widget_type=\"heading.default\">\n\t\t\t\t\t<h3 class=\"elementor-heading-title elementor-size-default\">Disclaimer - legal information<\/h3>\t\t\t\t<\/div>\n\t\t\t\t<div class=\"elementor-element elementor-element-982e90a elementor-widget elementor-widget-html\" data-id=\"982e90a\" data-element_type=\"widget\" data-e-type=\"widget\" data-widget_type=\"html.default\">\n\t\t\t\t\t<ol class=\"datenschutz\">\n<li><h3 class=\"h5\">Content warning<\/h3>\n<p>The free and freely accessible content of this website has been created with the greatest possible care. However, the provider of this website assumes no responsibility for the accuracy and timeliness of the free and freely accessible journalistic guides and news provided. Contributions identified by name reflect the opinion of the respective author and not always the opinion of the provider. No contractual relationship is established between the user and the provider simply by accessing the free and freely accessible content; in this respect, the provider's intention to be legally bound is lacking.<\/p><\/li>\n<li><h3 class=\"h5\">External links<\/h3>\n<p>This website contains links to third-party websites (\"external links\"). These websites are subject to the liability of the respective operators. When the external links were first created, the provider checked the external content for any legal violations. No legal violations were apparent at the time. The provider has no influence whatsoever on the current and future design and content of the linked pages. The inclusion of external links does not mean that the provider adopts the content behind the reference or link as its own. It is not reasonable for the provider to constantly monitor the external links without concrete evidence of legal violations. However, such external links will be deleted immediately if we become aware of any legal infringements.<\/p><\/li>\n<li><h3 class=\"h5\">Copyrights and ancillary copyrights<\/h3>\n<p>The content published on this website is subject to German copyright and ancillary copyright law. Any use not permitted by German copyright and ancillary copyright law requires the prior written consent of the provider or the respective rights holder. This applies in particular to the duplication, editing, translation, storage, processing or reproduction of content in databases or other electronic media and systems. Third-party content and rights are identified as such. The unauthorized reproduction or distribution of individual contents or complete pages is not permitted and is punishable by law. Only the production of copies and downloads for personal, private and non-commercial use is permitted.<\/p>\n<p>The presentation of this website in external frames is only permitted with written permission.<\/p><\/li>\n<li><h3 class=\"h5\">Special terms of use<\/h3>\n<p>Insofar as special conditions for individual uses of this website deviate from the aforementioned numbers 1 to 4, this will be expressly indicated at the appropriate point. In this case, the special terms of use apply in each individual case.<\/p><\/li>\n<\/ol>\n<small>Source: <a href=\"https:\/\/www.juraforum.de\/disclaimer_muster\/\" target=\"_blank\" rel=\"noopener nofollow\">Disclaimer sample from JuraForum.de<\/a><\/small>\t\t\t\t<\/div>\n\t\t\t\t<\/div>\n\t\t\t\t\t<\/div>\n\t\t\t\t<\/div>\n\t\t\t\t\t<\/div>\n\t\t\t\t<\/div>\n\t\t\t\t<\/div>\n\t\t","protected":false},"excerpt":{"rendered":"<p>Rebenveredlung Kurt Kuntz GdbR Frau Petra G\u00f6tzBr\u00fchlstra\u00dfe 31, 76829 Landau-M\u00f6rzheimPhone: 06341\/32037, Fax: 06341\/33803Email: info@rebschule-kuntz.deInternet: www.rebschule-kuntz.de Register court: Landau in der PfalzTax no.: 24\/236\/0427\/1 Design, programming and realizationmodus: medien + kommunikation gmbhwww.modus-media.de Dispute resolution The European Commission provides a platform for online dispute resolution (OS): https:\/\/ec.europa.eu\/consumers\/odr You can find our e-mail address in the legal notice \u2026<\/p>\n","protected":false},"author":1,"featured_media":0,"parent":0,"menu_order":1000,"comment_status":"closed","ping_status":"closed","template":"","meta":{"footnotes":""},"class_list":["post-811","page","type-page","status-publish","hentry"],"_links":{"self":[{"href":"https:\/\/rebschule-kuntz.de\/en\/wp-json\/wp\/v2\/pages\/811","targetHints":{"allow":["GET"]}}],"collection":[{"href":"https:\/\/rebschule-kuntz.de\/en\/wp-json\/wp\/v2\/pages"}],"about":[{"href":"https:\/\/rebschule-kuntz.de\/en\/wp-json\/wp\/v2\/types\/page"}],"author":[{"embeddable":true,"href":"https:\/\/rebschule-kuntz.de\/en\/wp-json\/wp\/v2\/users\/1"}],"replies":[{"embeddable":true,"href":"https:\/\/rebschule-kuntz.de\/en\/wp-json\/wp\/v2\/comments?post=811"}],"version-history":[{"count":5,"href":"https:\/\/rebschule-kuntz.de\/en\/wp-json\/wp\/v2\/pages\/811\/revisions"}],"predecessor-version":[{"id":856,"href":"https:\/\/rebschule-kuntz.de\/en\/wp-json\/wp\/v2\/pages\/811\/revisions\/856"}],"wp:attachment":[{"href":"https:\/\/rebschule-kuntz.de\/en\/wp-json\/wp\/v2\/media?parent=811"}],"curies":[{"name":"wp","href":"https:\/\/api.w.org\/{rel}","templated":true}]}}